{"id":176,"date":"2023-12-13T17:00:12","date_gmt":"2023-12-13T17:00:12","guid":{"rendered":"https:\/\/grupocomunicadigital.com\/?page_id=176"},"modified":"2024-01-16T22:46:20","modified_gmt":"2024-01-16T22:46:20","slug":"javier-roldan","status":"publish","type":"page","link":"https:\/\/grupocomunicadigital.com\/index.php\/javier-roldan\/","title":{"rendered":"JAVIER ROLDAN"},"content":{"rendered":"<div class=\"brz-root__container brz-reset-all\">\n<section data-uid=\"dzozywhudswsqbsqoejsaixijxmjkbcqlpwl\" id=\"dzozywhudswsqbsqoejsaixijxmjkbcqlpwl\" class=\"brz-section brz-css-lwipj\">\n<div class=\"brz-section__content brz-section--boxed brz-css-rwiit brz-css-vylki\" data-custom-id=\"zzfxsziyjhxrvegqcjwetdazsqtigfatgnby\">\n<div class=\"brz-bg overflow-hidden !z-auto absolute top-0 left-0 w-full h-full\">\n<div class=\"brz-bg-color absolute top-0 left-0 w-full h-full\"><\/div>\n<\/div>\n<div class=\"brz-container brz-css-yqsmp\">\n<div class=\"brz-wrapper-clone brz-css-kryza brz-css-adlpo\">\n<div class=\"brz-d-xs-flex brz-flex-xs-wrap brz-css-xmutz brz-css-uvgxm\">\n<div class=\"brz-wrapper-clone__item brz-css-tzcru\" id=\"ldihnomhelnrdcflrazxfhmzplkaqkbmrowy\"><a class=\"brz-a brz-btn brz-css-prezo brz-css-dgrxv\" href=\"grupocomunicadigital.com\" target=\"_self\" rel=\"noopener\" data-brz-link-type=\"external\" data-custom-id=\"ldihnomhelnrdcflrazxfhmzplkaqkbmrowy\"><span class=\"brz-span brz-text__editor\">Ir a p\u00e1gina web<\/span><\/a><\/div>\n<\/div>\n<\/div>\n<div class=\"brz-row__container brz-css-rplbi brz-css-oeesa\" data-custom-id=\"gfsekgraawfltctehdjmydlchzmwxmodipgc\">\n<div class=\"brz-bg overflow-hidden !z-auto absolute top-0 left-0 w-full h-full\"><\/div>\n<div class=\"brz-row brz-css-ioxzk\">\n<div class=\"brz-columns brz-css-dhfhf brz-css-bycau\" data-custom-id=\"lbechcitbrdhqxezfcmatzzujeipzvxqchif\">\n<div class=\"brz-bg overflow-hidden !z-auto absolute top-0 left-0 w-full h-full\"><\/div>\n<div class=\"brz-column__items brz-css-kputm\"><\/div>\n<\/div>\n<div class=\"brz-columns brz-css-dhfhf brz-css-ylpam\" data-custom-id=\"bpnatwgevvddmykzxmqxwuzrjuoamaxrwoku\">\n<div class=\"brz-bg overflow-hidden !z-auto absolute top-0 left-0 w-full h-full\">\n<div class=\"brz-bg-color absolute top-0 left-0 w-full h-full\"><\/div>\n<\/div>\n<div class=\"brz-column__items brz-css-kputm\">\n<div data-iteration-count=\"1\" class=\"brz-css-wdbqq brz-css-iudli brz-wrapper brz-animated brz-css-pveoh brz-css-vvoyy\" data-animationid=\"azqkoflyxevyqdvnlrtmaudiborquoafkeml\">\n<div class=\"brz-image brz-css-hcswg brz-css-jfgao\" data-custom-id=\"tlprkdhphsrsgcfghnqxocopqlethoycoksr\"><img decoding=\"async\" class=\"brz-img\" src=\"https:\/\/grupocomunicadigital.com\/wp-content\/uploads\/brizy\/imgs\/Recurso-2-353x246x0x0x353x246x1699715290.png\" alt=\"\" loading=\"lazy\"><\/div>\n<\/div>\n<\/div>\n<\/div>\n<div class=\"brz-columns brz-css-dhfhf brz-css-qolkt\" data-custom-id=\"jevmgltqoxodchubpddbpobugnieaxjoltzy\">\n<div class=\"brz-bg overflow-hidden !z-auto absolute top-0 left-0 w-full h-full\"><\/div>\n<div class=\"brz-column__items brz-css-kputm\"><\/div>\n<\/div>\n<\/div>\n<\/div>\n<div class=\"brz-row__container brz-css-rplbi brz-css-ubyzr\" data-custom-id=\"qvqujlcciorusrxfwlbxhwjcgoqvpdmbeuxm\">\n<div class=\"brz-bg overflow-hidden !z-auto absolute top-0 left-0 w-full h-full\"><\/div>\n<div class=\"brz-row brz-css-ioxzk\">\n<div class=\"brz-columns brz-css-dhfhf brz-css-ancjl\" data-custom-id=\"zvwgwuninnlinwlnmcugzngfhhqkgmbqkdgh\">\n<div class=\"brz-bg overflow-hidden !z-auto absolute top-0 left-0 w-full h-full\"><\/div>\n<div class=\"brz-column__items brz-css-kputm brz-css-gkxdj\">\n<div data-iteration-count=\"1\" class=\"brz-css-wdbqq brz-wrapper brz-animated brz-css-pveoh brz-css-dqasu\" data-animationid=\"lfhokwxzrwvrwddbzrrifglxrktntcnzszxa\">\n<div class=\"brz-image brz-css-igsvv brz-css-fvcsf\" data-custom-id=\"ebsfiqeggbopsfncasklrwwyttucrhhaxvee\"><img decoding=\"async\" class=\"brz-img brz-img-svg\" src=\"https:\/\/grupocomunicadigital.com\/wp-content\/uploads\/2022\/09\/LQonector.svg\" alt=\"\" loading=\"lazy\"><\/div>\n<\/div>\n<\/div>\n<p><a class=\"brz-a brz-container-link\" href=\"https:\/\/qonector.com\" target=\"_self\" rel=\"noopener\" data-brz-link-type=\"external\"><\/a><\/div>\n<div class=\"brz-columns brz-css-dhfhf brz-css-kfqzd\" data-custom-id=\"nkwufbtuqrbxweacojhtydpfbrwpgwvmaliq\">\n<div class=\"brz-bg overflow-hidden !z-auto absolute top-0 left-0 w-full h-full\">\n<div class=\"brz-bg-color absolute top-0 left-0 w-full h-full\"><\/div>\n<\/div>\n<div class=\"brz-column__items brz-css-kputm brz-css-jjlwa\">\n<div data-iteration-count=\"1\" class=\"brz-css-wdbqq brz-wrapper brz-animated brz-css-pveoh brz-css-nzdiu\" data-animationid=\"qazevwqxdcbufapwmivrllbahiujjvtdvvea\">\n<div class=\"brz-image brz-css-vaqsl brz-css-ssfol\" data-custom-id=\"kokbrcdiizxnatdspbfubtvyzlvbhmwqmplt\"><img decoding=\"async\" class=\"brz-img brz-img-svg\" src=\"https:\/\/grupocomunicadigital.com\/wp-content\/uploads\/2022\/09\/LBCA.svg\" alt=\"\" loading=\"lazy\"><\/div>\n<\/div>\n<\/div>\n<p><a class=\"brz-a brz-container-link\" href=\"https:\/\/brazaletesdecentroamerica.com\" target=\"_self\" rel=\"noopener\" data-brz-link-type=\"external\"><\/a><\/div>\n<div class=\"brz-columns brz-css-dhfhf brz-css-axnyp\" data-custom-id=\"aoqiqqebkececkwuruljpljxpuqjkrpaqhwe\">\n<div class=\"brz-bg overflow-hidden !z-auto absolute top-0 left-0 w-full h-full\"><\/div>\n<div class=\"brz-column__items brz-css-kputm brz-css-vblnu\">\n<div data-iteration-count=\"1\" class=\"brz-css-wdbqq brz-wrapper brz-animated brz-css-pveoh brz-css-haong\" data-animationid=\"zzwrkfnzmkzrrarezjrujxrhtdmmfjborzqv\">\n<div class=\"brz-image brz-css-ubida brz-css-jivlm\" data-custom-id=\"lxqkgtmhzljyduvfwbuovdxojnngwyahmvnf\"><img decoding=\"async\" class=\"brz-img brz-img-svg\" src=\"https:\/\/grupocomunicadigital.com\/wp-content\/uploads\/2022\/09\/LCreare.svg\" alt=\"\" loading=\"lazy\"><\/div>\n<\/div>\n<\/div>\n<p><a class=\"brz-a brz-container-link\" href=\"https:\/\/crearegt.com\" target=\"_self\" rel=\"noopener\" data-brz-link-type=\"external\"><\/a><\/div>\n<\/div>\n<\/div>\n<\/div>\n<\/div>\n<\/section>\n<section data-uid=\"orxkotnpogwfwjqsylokoewrqhigejonmkhp\" id=\"orxkotnpogwfwjqsylokoewrqhigejonmkhp\" class=\"brz-section brz-css-lwipj\">\n<div class=\"brz-section__content brz-section--boxed brz-css-rwiit brz-css-hlrcq\" data-custom-id=\"kavjvveoeounuzlsqzrmjhvhkqcljvbyogbe\">\n<div class=\"brz-bg overflow-hidden !z-auto absolute top-0 left-0 w-full h-full\">\n<div class=\"brz-bg-image absolute left-0 w-full bg-no-repeat top-0 h-full bg-cover\"><\/div>\n<div class=\"brz-bg-shape w-full h-full absolute inset-x-0 bg-no-repeat pointer-events-none brz-bg-shape__top top-0 after:content-[&#x27;&#x27;] after:absolute after:w-full after:h-full after:top-0\"><\/div>\n<\/div>\n<div class=\"brz-container brz-css-yqsmp\">\n<div class=\"brz-css-wdbqq brz-css-iezmc brz-wrapper\">\n<div class=\"brz-rich-text brz-rich-text__custom brz-css-grrzy\" data-custom-id=\"eozwhwajsaeqqjcbwclvkpcxrygwixrvzvmj\">\n<div>\n<p class=\"brz-text-xs-justify brz-lh-xs-1_6 brz-ls-xs-0 brz-fw-xs-300 brz-fss-xs-px brz-fs-xs-30 brz-tp-xs-empty brz-lh-lg-1_9 brz-ls-lg-0 brz-fw-lg-400 brz-fss-lg-px brz-fs-lg-16 brz-ft-google brz-ff-raleway brz-tp-lg-empty brz-css-xfmwb\" data-generated-css=\"brz-css-gavyh\" data-uniq-id=\"dogjt\"><span class=\"brz-cp-color8 brz-capitalize-on\">jAVIER<\/span><\/p>\n<\/div>\n<\/div>\n<\/div>\n<div class=\"brz-css-wdbqq brz-css-wduji brz-wrapper\">\n<div class=\"brz-rich-text brz-rich-text__custom brz-css-grrzy\" data-custom-id=\"nmpfobposcemsyypgceskpxbgpnjfjmxbjyz\">\n<div>\n<p class=\"brz-lh-lg-1_9 brz-ls-lg-0 brz-fw-lg-400 brz-fss-lg-px brz-fs-lg-16 brz-ft-google brz-ff-raleway brz-tp-lg-empty brz-tp-xs-empty brz-fs-xs-45 brz-fss-xs-px brz-fw-xs-900 brz-ls-xs-0 brz-lh-xs-1_6 brz-text-xs-justify brz-css-hbtzy\" data-generated-css=\"brz-css-fdycp\" data-uniq-id=\"iwhlb\"><span class=\"brz-cp-color8 brz-capitalize-on\">ROLD\u00e1N<\/span><\/p>\n<\/div>\n<\/div>\n<\/div>\n<div class=\"brz-wrapper-clone brz-css-kryza brz-css-ioqpw\">\n<div class=\"brz-d-xs-flex brz-flex-xs-wrap brz-css-xmutz brz-css-axgbo\">\n<div class=\"brz-wrapper-clone__item brz-css-tzcru brz-css-fvedu\" id=\"vhynmkyrozeejzsryleltlcfthzqkppmorwt\">\n<div class=\"brz-icon__container\" data-custom-id=\"vhynmkyrozeejzsryleltlcfthzqkppmorwt\"><a class=\"brz-a\" href=\"https:\/\/wa.link\/bq61hd\" target=\"_self\" rel=\"noopener\" data-brz-link-type=\"external\"><span class=\"brz-icon brz-span brz-css-mruvw brz-css-oyflv\"> <\/span><\/a><\/div>\n<\/div>\n<div class=\"brz-wrapper-clone__item brz-css-tzcru brz-css-fvedu\" id=\"mysksjvdgxjopdxnhesemkawuadbhwaiajwz\">\n<div class=\"brz-icon__container\" data-custom-id=\"mysksjvdgxjopdxnhesemkawuadbhwaiajwz\"><a class=\"brz-a\" href=\"tel:+502 5531 4579\" target=\"_self\" rel=\"noopener\" data-brz-link-type=\"external\"><span class=\"brz-icon brz-span brz-css-mruvw brz-css-zuxoi\"><\/span><\/a><\/div>\n<\/div>\n<div class=\"brz-wrapper-clone__item brz-css-tzcru brz-css-fvedu\" id=\"ovgksknfjldpfxfnagvnssxzcrkrzqgnblle\">\n<div class=\"brz-icon__container\" data-custom-id=\"ovgksknfjldpfxfnagvnssxzcrkrzqgnblle\"><a class=\"brz-a\" href=\"jroldan@grupocomunicadigital.com\" target=\"_self\" rel=\"noopener\" data-brz-link-type=\"external\"><span class=\"brz-icon brz-span brz-css-mruvw brz-css-qcgyz\"> <\/span><\/a><\/div>\n<\/div>\n<\/div>\n<\/div>\n<div class=\"brz-wrapper-clone brz-css-kryza\">\n<div class=\"brz-d-xs-flex brz-flex-xs-wrap brz-css-xmutz brz-css-pxoyv\">\n<div class=\"brz-wrapper-clone__item brz-css-tzcru\" id=\"dhyzwlrkwtagkbxzurbjidpbkzptpkinduji\"><a class=\"brz-a brz-btn brz-css-prezo brz-css-wuhnc\" href=\"https:\/\/crearegt.com\/promocionales-full\/\" target=\"_self\" rel=\"noopener\" data-brz-link-type=\"external\" data-custom-id=\"dhyzwlrkwtagkbxzurbjidpbkzptpkinduji\"><span class=\"brz-span brz-text__editor\">Cat\u00e1logo\u00a0 \u00a0 \u00a0 \u00a0 \u00a0 \u00a0 \u00a0 \u00a0 \u00a0 \u00a0 \u00a0 \u00a0 \u00a0 \u00a0 \u00a0 \u00a0 \u00a0 \u00a0 \u00a0 \u00a0 \u00a0 \u00a0 \u00a0\u00a0<\/span><\/a><\/div>\n<\/div>\n<\/div>\n<div class=\"brz-row__container brz-css-rplbi brz-css-twnya\" data-custom-id=\"rkoyldfodcxcueqxmnjaaihixkawptmiingx\">\n<div class=\"brz-bg overflow-hidden !z-auto absolute top-0 left-0 w-full h-full\"><\/div>\n<div class=\"brz-row brz-css-ioxzk\">\n<div class=\"brz-columns brz-css-dhfhf brz-css-mvqdo\" data-custom-id=\"jipdpbavhbnwnhfglznfmqrqeivpumnaqwap\">\n<div class=\"brz-bg overflow-hidden !z-auto absolute top-0 left-0 w-full h-full\"><\/div>\n<div class=\"brz-column__items brz-css-kputm\">\n<div class=\"brz-wrapper-clone brz-css-kryza brz-css-hxagq\">\n<div class=\"brz-d-xs-flex brz-flex-xs-wrap brz-css-xmutz brz-css-cwjqg\">\n<div class=\"brz-wrapper-clone__item brz-css-tzcru brz-css-wpnyq\" id=\"tqursptdpsjihupoihyyqiorfgkdorhhwhce\">\n<div class=\"brz-icon__container\" data-custom-id=\"tqursptdpsjihupoihyyqiorfgkdorhhwhce\"><span class=\"brz-icon brz-span brz-css-mruvw brz-css-dwknn\"> <\/span><\/div>\n<\/div>\n<\/div>\n<\/div>\n<\/div>\n<\/div>\n<div class=\"brz-columns brz-css-dhfhf brz-css-ymawr\" data-custom-id=\"egixoaoakweweuhzguwfsaliwynpmydkcufk\">\n<div class=\"brz-bg overflow-hidden !z-auto absolute top-0 left-0 w-full h-full\"><\/div>\n<div class=\"brz-column__items brz-css-kputm\">\n<div class=\"brz-css-wdbqq brz-css-igmfc brz-wrapper\">\n<div class=\"brz-rich-text brz-rich-text__custom brz-css-grrzy\" data-custom-id=\"ewjbzblgppvlgaefdnkuhwsccldyhwmhfstf\">\n<div>\n<p class=\"brz-text-xs-justify brz-lh-xs-1_6 brz-ls-xs-0 brz-fw-xs-300 brz-fss-xs-px brz-fs-xs-30 brz-tp-xs-empty brz-lh-lg-1_9 brz-ls-lg-0 brz-fw-lg-400 brz-fss-lg-px brz-fs-lg-16 brz-ft-google brz-ff-raleway brz-tp-lg-empty brz-css-ojjmc\" data-generated-css=\"brz-css-deggr\" data-uniq-id=\"xuiok\">UBICACI\u00d3N<\/p>\n<\/div>\n<\/div>\n<\/div>\n<\/div>\n<\/div>\n<\/div>\n<\/div>\n<div class=\"brz-css-wdbqq brz-css-msknb brz-wrapper\">\n<div class=\"brz-rich-text brz-rich-text__custom brz-css-grrzy\" data-custom-id=\"wvgiujbccbuqbtxbvklldoxagmhvdaxtjdvc\">\n<div>\n<p class=\"brz-lh-lg-1_9 brz-ls-lg-0 brz-fw-lg-400 brz-fss-lg-px brz-fs-lg-16 brz-ft-google brz-ff-raleway brz-tp-lg-empty brz-tp-xs-empty brz-fs-xs-16 brz-fss-xs-px brz-fw-xs-300 brz-ls-xs-0 brz-lh-xs-1_6 brz-text-xs-justify brz-css-onrxe\" data-generated-css=\"brz-css-eeulf\" data-uniq-id=\"lbwzl\"><span class=\"brz-cp-color8 brz-capitalize-on\">1 Avenida 13-29 zona 10 Edificio Dubai Center Of. 1007 Nivel 10. Ciudad de Guatemala<\/span><\/p>\n<\/div>\n<\/div>\n<\/div>\n<div class=\"brz-wrapper-clone brz-css-kryza\">\n<div class=\"brz-d-xs-flex brz-flex-xs-wrap brz-css-xmutz brz-css-czkld\">\n<div class=\"brz-wrapper-clone__item brz-css-tzcru\" id=\"flzbonijfpawnhopcqjbvpoymxwswateriwk\"><a class=\"brz-a brz-btn brz-css-prezo brz-css-wqucg\" href=\"https:\/\/www.waze.com\/en\/live-map\/directions\/dubai-center-1a-avenida-zona-10,-guatemala?place=w.176619666.1766065588.1052950\" target=\"_self\" rel=\"noopener\" data-brz-link-type=\"external\" data-custom-id=\"flzbonijfpawnhopcqjbvpoymxwswateriwk\"><span class=\"brz-span brz-text__editor\">Ir ahora\u00a0 \u00a0\u00a0<\/span><\/a><\/div>\n<\/div>\n<\/div>\n<div class=\"brz-css-wdbqq brz-css-cowzl brz-wrapper\">\n<div class=\"brz-rich-text brz-rich-text__custom brz-css-grrzy\" data-custom-id=\"eszhwbudlnlwbaupcworssjrbsafurlnbgax\">\n<div>\n<p class=\"brz-lh-lg-1_9 brz-ls-lg-0 brz-fw-lg-400 brz-fss-lg-px brz-fs-lg-16 brz-ft-google brz-ff-raleway brz-tp-lg-empty brz-tp-xs-empty brz-fs-xs-16 brz-fss-xs-px brz-fw-xs-300 brz-ls-xs-0 brz-lh-xs-1_6 brz-text-xs-justify brz-css-apnlk\" data-generated-css=\"brz-css-eeulf\" data-uniq-id=\"lbwzl\">GCD2023<\/p>\n<\/div>\n<\/div>\n<\/div>\n<\/div>\n<\/div>\n<\/section>\n<\/div>\n<p>    <!-- version:1705445180 --><\/p>\n","protected":false},"excerpt":{"rendered":"<p>Ir a p\u00e1gina web jAVIER ROLD\u00e1N Cat\u00e1logo\u00a0 \u00a0 \u00a0 \u00a0 \u00a0 \u00a0 \u00a0 \u00a0 \u00a0 \u00a0 \u00a0 \u00a0 \u00a0 \u00a0 \u00a0 \u00a0 \u00a0 \u00a0 \u00a0 \u00a0 \u00a0 \u00a0 \u00a0\u00a0 UBICACI\u00d3N 1 Avenida 13-29 zona 10 Edificio Dubai Center Of. 1007 Nivel 10. Ciudad de Guatemala Ir ahora\u00a0 \u00a0\u00a0 GCD2023<\/p>\n","protected":false},"author":1,"featured_media":0,"parent":0,"menu_order":0,"comment_status":"closed","ping_status":"closed","template":"brizy-blank-template.php","meta":{"om_disable_all_campaigns":false,"_mi_skip_tracking":false,"_monsterinsights_sitenote_active":false,"_monsterinsights_sitenote_note":"","_monsterinsights_sitenote_category":0,"footnotes":""},"class_list":["post-176","page","type-page","status-publish","hentry"],"aioseo_notices":[],"_links":{"self":[{"href":"https:\/\/grupocomunicadigital.com\/index.php\/wp-json\/wp\/v2\/pages\/176"}],"collection":[{"href":"https:\/\/grupocomunicadigital.com\/index.php\/wp-json\/wp\/v2\/pages"}],"about":[{"href":"https:\/\/grupocomunicadigital.com\/index.php\/wp-json\/wp\/v2\/types\/page"}],"author":[{"embeddable":true,"href":"https:\/\/grupocomunicadigital.com\/index.php\/wp-json\/wp\/v2\/users\/1"}],"replies":[{"embeddable":true,"href":"https:\/\/grupocomunicadigital.com\/index.php\/wp-json\/wp\/v2\/comments?post=176"}],"version-history":[{"count":5,"href":"https:\/\/grupocomunicadigital.com\/index.php\/wp-json\/wp\/v2\/pages\/176\/revisions"}],"predecessor-version":[{"id":183,"href":"https:\/\/grupocomunicadigital.com\/index.php\/wp-json\/wp\/v2\/pages\/176\/revisions\/183"}],"wp:attachment":[{"href":"https:\/\/grupocomunicadigital.com\/index.php\/wp-json\/wp\/v2\/media?parent=176"}],"curies":[{"name":"wp","href":"https:\/\/api.w.org\/{rel}","templated":true}]}}